{"id":57,"date":"2025-10-27T18:44:41","date_gmt":"2025-10-27T18:44:41","guid":{"rendered":"https:\/\/bestonian.ee\/?page_id=57"},"modified":"2026-04-26T07:31:54","modified_gmt":"2026-04-26T07:31:54","slug":"minust","status":"publish","type":"page","link":"https:\/\/bestonian.ee\/en\/minust\/","title":{"rendered":"About me"},"content":{"rendered":"<figure class=\"wp-block-image alignfull size-full\"><img loading=\"lazy\" decoding=\"async\" width=\"2560\" height=\"1810\" src=\"https:\/\/bestonian.ee\/wp-content\/uploads\/2026\/01\/bestonian-minust-eng-scaled.png\" alt=\"\" class=\"wp-image-573\" srcset=\"https:\/\/bestonian.ee\/wp-content\/uploads\/2026\/01\/bestonian-minust-eng-scaled.png 2560w, https:\/\/bestonian.ee\/wp-content\/uploads\/2026\/01\/bestonian-minust-eng-300x212.png 300w, https:\/\/bestonian.ee\/wp-content\/uploads\/2026\/01\/bestonian-minust-eng-scaled-600x424.png 600w, https:\/\/bestonian.ee\/wp-content\/uploads\/2026\/01\/bestonian-minust-eng-1024x724.png 1024w, https:\/\/bestonian.ee\/wp-content\/uploads\/2026\/01\/bestonian-minust-eng-768x543.png 768w, https:\/\/bestonian.ee\/wp-content\/uploads\/2026\/01\/bestonian-minust-eng-1536x1086.png 1536w, https:\/\/bestonian.ee\/wp-content\/uploads\/2026\/01\/bestonian-minust-eng-2048x1448.png 2048w, https:\/\/bestonian.ee\/wp-content\/uploads\/2026\/01\/bestonian-minust-eng-18x12.png 18w\" sizes=\"auto, (max-width: 2560px) 100vw, 2560px\" \/><\/figure>\n\n\n\n<p class=\"has-text-align-left has-black-color has-text-color has-link-color wp-elements-7bcb5c9b35b2ff685ff33488ac2059bf\">After completing my bachelor\u2019s degree in Estonian and Finno-Ugric linguistics, I continued my studies at the University of Tartu in the master\u2019s program for teaching Estonian as a foreign language. Soon after, I began teaching Estonian <strong>to adult learners with different mother tongues at a language school.<\/strong>. It quickly became clear that I had chosen the right field \u2014 one that allows me to engage deeply with my beloved language and culture, introduce it to others, contribute to its sustainability, and at the same time explore the world.<\/p>\n\n\n\n<p class=\"has-black-color has-text-color has-link-color wp-elements-48ae869e91ffc9934a0f5c1b1858ee4e\">Things only got more exciting from there \u2014 at the HeadEst Estonian language and culture camp, I met <strong>young Estonians from the Estonian diaspora<\/strong>who once again opened up an entirely new world to me: Estonianness beyond Estonia. I gained an invaluable experience at an Estonian children\u2019s and youth camp in the United States. Inspired by the young people I met, I explored in my master\u2019s thesis the role of Estonianness in the identity of Estonian youth living abroad. I was curious to understand how it\u2019s possible to grow into such a strong bearer of the Estonian language and culture while living outside Estonia.<\/p>\n\n\n\n<p class=\"has-black-color has-text-color has-link-color wp-elements-0d83026e2073163dfbdc62fdf78936df\">In the spring semester of 2018, I had the opportunity to teach Estonian in the very first Estonian language course at Roma Tre University in Rome. From 2019 to 2022, I worked as a <strong>lecturer of Estonian language and culture<\/strong> at the University of Latvia in Riga. Alongside my main work, <strong>I have always continued to give private lessons<\/strong>.<\/p>\n\n\n\n<p class=\"has-black-color has-text-color has-link-color wp-elements-f9edf51cd3832b2ac200000cfd5b53f4\">Alongside teaching, since 2016 I have taken part in various projects <strong>developing Estonian-as-a-foreign-language learning materials and courses,<\/strong> in cooperation with both Innove and the University of Tartu. I also support companies and organizations in Estonia and abroad on issues related to the Estonian language and language learning \u2014 for example, since 2025 <strong>I have been advising<\/strong> the creators of the Erasmus+ Online Language Support (<em>OLS<\/em>) platform<\/p>\n\n\n\n<p class=\"has-black-color has-text-color has-link-color wp-elements-dd03c96118eb94da79b20f2567c02a9e\">I am a member of the Association of Teachers of Estonian as a Second Language.<\/p>\n\n\n\n<p class=\"has-black-color has-text-color has-link-color wp-elements-aa6be4a0fa4df1944cdcac0f2e4f8629\">My roots are in Kihnu and P\u00e4rnumaa. In addition to Italy and Latvia, I have also lived in Austria and Bosnia and Herzegovina. My children are growing up in a multilingual and multicultural home.<\/p>\n\n\n\n<div class=\"wp-block-buttons is-layout-flex wp-block-buttons-is-layout-flex\">\n<div class=\"wp-block-button\"><a class=\"wp-block-button__link has-ast-global-color-5-color has-text-color has-background has-link-color wp-element-button\" href=\"https:\/\/bestonian.ee\/wp-content\/uploads\/2026\/03\/Reti-Konninge-Geranio-CV-english-1.pdf\" style=\"background-color:#569bce\">Take a look at my CV here.<\/a><\/div>\n<\/div>","protected":false},"excerpt":{"rendered":"<p>P\u00e4rast eesti ja soome-ugri keeleteaduse bakalaureuse\u00f5ppe l\u00f5petamist, j\u00e4tkasin Tartu \u00fclikoolis eesti keele kui v\u00f5\u00f5rkeele \u00f5petaja magistri\u00f5ppekaval. Kohe asusin \u00f5petama eesti [&hellip;]<\/p>\n","protected":false},"author":1,"featured_media":0,"parent":0,"menu_order":0,"comment_status":"closed","ping_status":"closed","template":"","meta":{"site-sidebar-layout":"default","site-content-layout":"","ast-site-content-layout":"default","site-content-style":"default","site-sidebar-style":"default","ast-global-header-display":"","ast-banner-title-visibility":"","ast-main-header-display":"","ast-hfb-above-header-display":"","ast-hfb-below-header-display":"","ast-hfb-mobile-header-display":"","site-post-title":"disabled","ast-breadcrumbs-content":"","ast-featured-img":"","footer-sml-layout":"","ast-disable-related-posts":"","theme-transparent-header-meta":"","adv-header-id-meta":"","stick-header-meta":"","header-above-stick-meta":"","header-main-stick-meta":"","header-below-stick-meta":"","astra-migrate-meta-layouts":"default","ast-page-background-enabled":"default","ast-page-background-meta":{"desktop":{"background-color":"var(--ast-global-color-5)","background-image":"","background-repeat":"repeat","background-position":"center center","background-size":"auto","background-attachment":"scroll","background-type":"","background-media":"","overlay-type":"","overlay-color":"","overlay-opacity":"","overlay-gradient":""},"tablet":{"background-color":"","background-image":"","background-repeat":"repeat","background-position":"center center","background-size":"auto","background-attachment":"scroll","background-type":"","background-media":"","overlay-type":"","overlay-color":"","overlay-opacity":"","overlay-gradient":""},"mobile":{"background-color":"","background-image":"","background-repeat":"repeat","background-position":"center center","background-size":"auto","background-attachment":"scroll","background-type":"","background-media":"","overlay-type":"","overlay-color":"","overlay-opacity":"","overlay-gradient":""}},"ast-content-background-meta":{"desktop":{"background-color":"var(--ast-global-color-4)","background-image":"","background-repeat":"repeat","background-position":"center center","background-size":"auto","background-attachment":"scroll","background-type":"","background-media":"","overlay-type":"","overlay-color":"","overlay-opacity":"","overlay-gradient":""},"tablet":{"background-color":"var(--ast-global-color-4)","background-image":"","background-repeat":"repeat","background-position":"center center","background-size":"auto","background-attachment":"scroll","background-type":"","background-media":"","overlay-type":"","overlay-color":"","overlay-opacity":"","overlay-gradient":""},"mobile":{"background-color":"var(--ast-global-color-4)","background-image":"","background-repeat":"repeat","background-position":"center center","background-size":"auto","background-attachment":"scroll","background-type":"","background-media":"","overlay-type":"","overlay-color":"","overlay-opacity":"","overlay-gradient":""}},"footnotes":""},"class_list":["post-57","page","type-page","status-publish","hentry"],"_links":{"self":[{"href":"https:\/\/bestonian.ee\/en\/wp-json\/wp\/v2\/pages\/57","targetHints":{"allow":["GET"]}}],"collection":[{"href":"https:\/\/bestonian.ee\/en\/wp-json\/wp\/v2\/pages"}],"about":[{"href":"https:\/\/bestonian.ee\/en\/wp-json\/wp\/v2\/types\/page"}],"author":[{"embeddable":true,"href":"https:\/\/bestonian.ee\/en\/wp-json\/wp\/v2\/users\/1"}],"replies":[{"embeddable":true,"href":"https:\/\/bestonian.ee\/en\/wp-json\/wp\/v2\/comments?post=57"}],"version-history":[{"count":5,"href":"https:\/\/bestonian.ee\/en\/wp-json\/wp\/v2\/pages\/57\/revisions"}],"predecessor-version":[{"id":1138,"href":"https:\/\/bestonian.ee\/en\/wp-json\/wp\/v2\/pages\/57\/revisions\/1138"}],"wp:attachment":[{"href":"https:\/\/bestonian.ee\/en\/wp-json\/wp\/v2\/media?parent=57"}],"curies":[{"name":"wp","href":"https:\/\/api.w.org\/{rel}","templated":true}]}}